{"id":1071,"date":"2019-02-22T15:59:20","date_gmt":"2019-02-22T18:59:20","guid":{"rendered":"https:\/\/riosbr.com\/?page_id=1071"},"modified":"2023-02-06T09:07:46","modified_gmt":"2023-02-06T12:07:46","slug":"take-out","status":"publish","type":"page","link":"https:\/\/riosbr.com\/?page_id=1071","title":{"rendered":"TAKEOUT"},"content":{"rendered":"\n  <div class=\"banner has-hover has-video hide-for-small\" id=\"banner-459906799\">\n          <div class=\"banner-inner fill\">\n        <div class=\"banner-bg fill\" >\n            <div class=\"bg fill bg-fill \"><\/div>\n              <div class=\"video-overlay no-click fill hide-for-small\"><\/div>\n\t<video class=\"video-bg fill hide-for-small\" preload playsinline autoplay=\"true\"\n\tmuted\tloop>\n\t    <source src=\"https:\/\/riosbr.com\/wp-content\/uploads\/2019\/02\/RIOS-BACKGROUND-VIDEO-4.mp4\" type=\"video\/mp4\">\t    \t   \t<\/video>\n                        \n                    <\/div><!-- bg-layers -->\n        <div class=\"banner-layers container\">\n            <div class=\"fill banner-link\"><\/div>            \n        <\/div><!-- .banner-layers -->\n      <\/div><!-- .banner-inner -->\n\n            \n<style scope=\"scope\">\n\n#banner-459906799 {\n  padding-top: 36%;\n}\n<\/style>\n  <\/div><!-- .banner -->\n\n\n\n  <div class=\"banner has-hover bg-zoom-long bg-zoom show-for-small\" id=\"banner-2084666043\">\n          <div class=\"banner-inner fill\">\n        <div class=\"banner-bg fill\" >\n            <div class=\"bg fill bg-fill \"><\/div>\n                                    \n                    <\/div><!-- bg-layers -->\n        <div class=\"banner-layers container\">\n            <div class=\"fill banner-link\"><\/div>            \n        <\/div><!-- .banner-layers -->\n      <\/div><!-- .banner-inner -->\n\n            \n<style scope=\"scope\">\n\n#banner-2084666043 {\n  padding-top: 443px;\n}\n#banner-2084666043 .bg.bg-loaded {\n  background-image: url(https:\/\/riosbr.com\/wp-content\/uploads\/2019\/02\/IMG_20180328_164504.jpg);\n}\n#banner-2084666043 .bg {\n  background-position: 49% 40%;\n}\n\n\n@media (min-width:550px) {\n\n  #banner-2084666043 {\n    padding-top: 36%;\n  }\n\n}\n<\/style>\n  <\/div><!-- .banner -->\n\n\n\t<section class=\"section\" id=\"section_979630229\">\n\t\t<div class=\"bg section-bg fill bg-fill  bg-loaded\" >\n\n\t\t\t\n\t\t\t\n\t\t\t\n\n\t\t<\/div><!-- .section-bg -->\n\n\t\t<div class=\"section-content relative\">\n\t\t\t\n<div class=\"row align-center\"  id=\"row-60150503\">\n<div class=\"col medium-5 small-9 large-5\"  ><div class=\"col-inner text-center\"  >\n<div class=\"gap-element\" style=\"display:block; height:auto; padding-top:45px\" class=\"clearfix\"><\/div>\n<h2 class=\"uppercase\"><span style=\"font-size: 130%;\">TAKEOUT MENU<\/span><\/h2>\n<p class=\"uppercase\">The RIOS EXPERIENCE on your dinner table<\/p>\n<p class=\"uppercase\">CALL NOW 610-614-1018<\/p>\n<a href=\"https:\/\/www.toasttab.com\/rios-brazilian-steakhouse-127-s-broad-st\" target=\"_self\" class=\"button primary\"  style=\"border-radius:99px;\">\n    <span>ORDER ONLINE<\/span>\n  <i class=\"icon-menu\" ><\/i><\/a>\n\n<\/div><\/div>\n\n<style scope=\"scope\">\n\n<\/style>\n<\/div>\n<div class=\"row align-center\"  id=\"row-453566946\">\n<div class=\"col medium-4 small-8 large-4\"  ><div class=\"col-inner\"  >\n\n\t\t<div class=\"icon-box featured-box icon-box-center text-center is-small\"  >\n\t\t\t\t\t<div class=\"icon-box-img has-icon-bg\" style=\"width: 46px\">\n\t\t\t\t<div class=\"icon\">\n\t\t\t\t\t<div class=\"icon-inner\" style=\"border-width:2px;color:rgb(125, 125, 125);\">\n\t\t\t\t\t\t<img width=\"238\" height=\"239\" src=\"https:\/\/riosbr.com\/wp-content\/uploads\/2018\/09\/Sem-T\u00edtulo-1.png\" class=\"attachment-medium size-medium\" alt=\"\" loading=\"lazy\" srcset=\"https:\/\/riosbr.com\/wp-content\/uploads\/2018\/09\/Sem-T\u00edtulo-1.png 238w, https:\/\/riosbr.com\/wp-content\/uploads\/2018\/09\/Sem-T\u00edtulo-1-180x180.png 180w\" sizes=\"(max-width: 238px) 100vw, 238px\" \/>\t\t\t\t\t<\/div>\n\t\t\t\t<\/div>\n\t\t\t<\/div>\n\t\t\t\t<div class=\"icon-box-text last-reset\">\n\t\t\t\t\t\t\t\t\t\n<h3>GRILLED MEAT &#8211; POUND<\/h3>\n<p style=\"text-align: center;\">&#8211; Picanha or Picanha in Garlic<br \/>\n&#8211; NY Steak<br \/>\n&#8211; Skirt Steak<br \/>\n&#8211; Sirloin Wrapped in Bancon<br \/>\n&#8211; Turkey Wrapped in Bacon<br \/>\n&#8211; Lamb<br \/>\n&#8211; Ribeye<br \/>\n&#8211; Regular Pork Sausage or Spicy Sausage<br \/>\n&#8211; Sausage, Chicken Legs or Chicken Hearts<br \/>\n&#8211; Porks Ribs<br \/>\n&#8211; Pineapple<\/p>\n\t\t<\/div>\n\t<\/div><!-- .icon-box -->\n\t\n\t\n<\/div><\/div>\n<div class=\"col medium-4 small-8 large-4\"  ><div class=\"col-inner\"  >\n\n\t\t<div class=\"icon-box featured-box icon-box-center text-center is-small\"  >\n\t\t\t\t\t<div class=\"icon-box-img has-icon-bg\" style=\"width: 46px\">\n\t\t\t\t<div class=\"icon\">\n\t\t\t\t\t<div class=\"icon-inner\" style=\"border-width:2px;color:rgb(151, 0, 0);\">\n\t\t\t\t\t\t<img width=\"238\" height=\"239\" src=\"https:\/\/riosbr.com\/wp-content\/uploads\/2018\/09\/Sem-T\u00edtulo-1.png\" class=\"attachment-medium size-medium\" alt=\"\" loading=\"lazy\" srcset=\"https:\/\/riosbr.com\/wp-content\/uploads\/2018\/09\/Sem-T\u00edtulo-1.png 238w, https:\/\/riosbr.com\/wp-content\/uploads\/2018\/09\/Sem-T\u00edtulo-1-180x180.png 180w\" sizes=\"(max-width: 238px) 100vw, 238px\" \/>\t\t\t\t\t<\/div>\n\t\t\t\t<\/div>\n\t\t\t<\/div>\n\t\t\t\t<div class=\"icon-box-text last-reset\">\n\t\t\t\t\t\t\t\t\t\n<h3>RAW MEAT &#8211; POUND<\/h3>\n<p>&#8211; Picanha, Picanha in Garlic or Sirloin<br \/>\n&#8211; Spicy Sausage<br \/>\n&#8211; Sausage<\/p>\n\t\t<\/div>\n\t<\/div><!-- .icon-box -->\n\t\n\t\n<\/div><\/div>\n\n<style scope=\"scope\">\n\n<\/style>\n<\/div>\n<div class=\"gap-element\" style=\"display:block; height:auto; padding-top:37px\" class=\"clearfix\"><\/div>\n<div class=\"row align-center\"  id=\"row-77436771\">\n<div class=\"col medium-4 small-8 large-4\"  ><div class=\"col-inner\"  >\n\n\t\t<div class=\"icon-box featured-box icon-box-center text-center is-small\"  >\n\t\t\t\t\t<div class=\"icon-box-img has-icon-bg\" style=\"width: 46px\">\n\t\t\t\t<div class=\"icon\">\n\t\t\t\t\t<div class=\"icon-inner\" style=\"border-width:2px;color:rgb(0, 255, 31);\">\n\t\t\t\t\t\t<img width=\"200\" height=\"200\" src=\"https:\/\/riosbr.com\/wp-content\/uploads\/2019\/02\/salad.png\" class=\"attachment-medium size-medium\" alt=\"\" loading=\"lazy\" srcset=\"https:\/\/riosbr.com\/wp-content\/uploads\/2019\/02\/salad.png 200w, https:\/\/riosbr.com\/wp-content\/uploads\/2019\/02\/salad-180x180.png 180w\" sizes=\"(max-width: 200px) 100vw, 200px\" \/>\t\t\t\t\t<\/div>\n\t\t\t\t<\/div>\n\t\t\t<\/div>\n\t\t\t\t<div class=\"icon-box-text last-reset\">\n\t\t\t\t\t\t\t\t\t\n<h3>SALADS &amp; SIDE DISHES<\/h3>\n<p>&#8211; Rice<br \/>\n&#8211; Black Beans<br \/>\n&#8211; Bananas<br \/>\n&#8211; Pineapple<br \/>\n&#8211; French Fries<br \/>\n&#8211; Fried Yucca<br \/>\n&#8211; Chicken Salad<br \/>\n&#8211; Potato Salad<br \/>\n&#8211; Cheese Bread (5 units)<\/p>\n\t\t<\/div>\n\t<\/div><!-- .icon-box -->\n\t\n\t\n<\/div><\/div>\n<div class=\"col medium-4 small-8 large-4\"  ><div class=\"col-inner\"  >\n\n\t\t<div class=\"icon-box featured-box icon-box-center text-center is-small\"  >\n\t\t\t\t\t<div class=\"icon-box-img has-icon-bg\" style=\"width: 46px\">\n\t\t\t\t<div class=\"icon\">\n\t\t\t\t\t<div class=\"icon-inner\" style=\"border-width:2px;color:rgb(255, 255, 255);\">\n\t\t\t\t\t\t<img width=\"238\" height=\"239\" src=\"https:\/\/riosbr.com\/wp-content\/uploads\/2018\/09\/Sem-T\u00edtulo-5.png\" class=\"attachment-medium size-medium\" alt=\"\" loading=\"lazy\" srcset=\"https:\/\/riosbr.com\/wp-content\/uploads\/2018\/09\/Sem-T\u00edtulo-5.png 238w, https:\/\/riosbr.com\/wp-content\/uploads\/2018\/09\/Sem-T\u00edtulo-5-180x180.png 180w\" sizes=\"(max-width: 238px) 100vw, 238px\" \/>\t\t\t\t\t<\/div>\n\t\t\t\t<\/div>\n\t\t\t<\/div>\n\t\t\t\t<div class=\"icon-box-text last-reset\">\n\t\t\t\t\t\t\t\t\t\n<h3>DESSERTS<\/h3>\n<p>&#8211; Brazilian Flan<br \/>\n&#8211; Cr\u00e8me Br\u00fal\u00eae<br \/>\n&#8211; Passion Fruit Mousse<br \/>\n&#8211; Chocolate Mousse<br \/>\n&#8211; Dulce de Leche<br \/>\n&#8211; Cheesecake<br \/>\n&#8211; Tiramissu<\/p>\n\t\t<\/div>\n\t<\/div><!-- .icon-box -->\n\t\n\t\n<\/div><\/div>\n<div class=\"col medium-4 small-8 large-4\"  ><div class=\"col-inner\"  >\n\n\t\t<div class=\"icon-box featured-box icon-box-center text-center is-small\"  >\n\t\t\t\t\t<div class=\"icon-box-img has-icon-bg\" style=\"width: 46px\">\n\t\t\t\t<div class=\"icon\">\n\t\t\t\t\t<div class=\"icon-inner\" style=\"border-width:2px;color:rgb(143, 168, 0);\">\n\t\t\t\t\t\t<img width=\"256\" height=\"256\" src=\"https:\/\/riosbr.com\/wp-content\/uploads\/2019\/02\/beer-38-109255.png\" class=\"attachment-medium size-medium\" alt=\"\" loading=\"lazy\" srcset=\"https:\/\/riosbr.com\/wp-content\/uploads\/2019\/02\/beer-38-109255.png 256w, https:\/\/riosbr.com\/wp-content\/uploads\/2019\/02\/beer-38-109255-180x180.png 180w\" sizes=\"(max-width: 256px) 100vw, 256px\" \/>\t\t\t\t\t<\/div>\n\t\t\t\t<\/div>\n\t\t\t<\/div>\n\t\t\t\t<div class=\"icon-box-text last-reset\">\n\t\t\t\t\t\t\t\t\t\n<h3>BEVERAGES<\/h3>\n<p>&#8211; Guaran\u00e1 (can)<br \/>\n&#8211; 6 packs Beer is also available<\/p>\n\t\t<\/div>\n\t<\/div><!-- .icon-box -->\n\t\n\t\n<\/div><\/div>\n\n<style scope=\"scope\">\n\n<\/style>\n<\/div>\n<div class=\"gap-element\" style=\"display:block; height:auto; padding-top:60px\" class=\"clearfix\"><\/div>\n  <div class=\"banner-grid-wrapper\">\n  <div id=\"banner-grid-2006962957\" class=\"banner-grid row row-grid row-small\" data-packery-options=\"\">\n                      \n<div class=\"col grid-col large-8 grid-col-2-3\" ><div class=\"col-inner\">\n\n  <div class=\"banner has-hover\" id=\"banner-1293505787\">\n          <div class=\"banner-inner fill\">\n        <div class=\"banner-bg fill\" >\n            <div class=\"bg fill bg-fill \"><\/div>\n                        <div class=\"overlay\"><\/div>            \n                    <\/div><!-- bg-layers -->\n        <div class=\"banner-layers container\">\n            <div class=\"fill banner-link\"><\/div>            \n   <div id=\"text-box-1130489823\" class=\"text-box banner-layer x100 md-x100 lg-x100 y5 md-y5 lg-y5 res-text\">\n                                <div class=\"text dark\">\n              \n              <div class=\"text-inner text-center\">\n                  \n<h3 class=\"uppercase\"><span style=\"color: #ffff00;\">Rios takeout menu<\/span><\/h3>\n<h5><span style=\"font-family: Tahoma, Arial, Helvetica, sans-serif; color: #ffffff;\">Enjoy the most prized To-Go food of Lehigh Valley. It will make you really feel at Rios, but on the comfort of your home.<\/span><\/h5>\n              <\/div>\n           <\/div><!-- text-box-inner -->\n                            \n<style scope=\"scope\">\n\n#text-box-1130489823 {\n  width: 60%;\n}\n#text-box-1130489823 .text {\n  font-size: 100%;\n}\n\n\n@media (min-width:550px) {\n\n  #text-box-1130489823 {\n    width: 40%;\n  }\n\n}\n<\/style>\n    <\/div><!-- text-box -->\n \n        <\/div><!-- .banner-layers -->\n      <\/div><!-- .banner-inner -->\n\n            \n<style scope=\"scope\">\n\n#banner-1293505787 {\n  padding-top: 500px;\n}\n#banner-1293505787 .bg.bg-loaded {\n  background-image: url(https:\/\/riosbr.com\/wp-content\/uploads\/2019\/02\/IMG_20180328_164504-1400x788.jpg);\n}\n#banner-1293505787 .overlay {\n  background-color: rgba(0, 0, 0, 0.5);\n}\n#banner-1293505787 .bg {\n  background-position: 4% 62%;\n}\n<\/style>\n  <\/div><!-- .banner -->\n\n\n<\/div><\/div>\n<div class=\"col grid-col large-4 grid-col-1-3\" ><div class=\"col-inner\">\n\t<div class=\"img has-hover x md-x lg-x y md-y lg-y\" id=\"image_1838495205\">\n\t\t\t\t\t\t\t\t<div class=\"img-inner image-overlay-remove-50 dark\" >\n\t\t\t<img width=\"1020\" height=\"680\" src=\"https:\/\/riosbr.com\/wp-content\/uploads\/2019\/02\/IMGL0101-1200x800.jpg\" class=\"attachment-large size-large\" alt=\"\" loading=\"lazy\" srcset=\"https:\/\/riosbr.com\/wp-content\/uploads\/2019\/02\/IMGL0101-1200x800.jpg 1200w, https:\/\/riosbr.com\/wp-content\/uploads\/2019\/02\/IMGL0101-600x400.jpg 600w, https:\/\/riosbr.com\/wp-content\/uploads\/2019\/02\/IMGL0101-768x512.jpg 768w\" sizes=\"(max-width: 1020px) 100vw, 1020px\" \/>\t\t\t\t\t\t\t<div class=\"overlay\" style=\"background-color: rgba(0, 0, 0, 0.4)\"><\/div>\n\t\t\t\t\t\t\n\t\t\t\t\t<\/div>\n\t\t\t\t\t\t\t\t\n<style scope=\"scope\">\n\n#image_1838495205 {\n  width: 100%;\n}\n<\/style>\n\t<\/div>\n\t\n<\/div><\/div>\n<div class=\"col grid-col large-4 grid-col-1-3\" ><div class=\"col-inner\">\n\t<div class=\"img has-hover x md-x lg-x y md-y lg-y\" id=\"image_1583596521\">\n\t\t\t\t\t\t\t\t<div class=\"img-inner image-overlay-remove dark\" >\n\t\t\t<img width=\"1020\" height=\"574\" src=\"https:\/\/riosbr.com\/wp-content\/uploads\/2018\/04\/00.jpg\" class=\"attachment-large size-large\" alt=\"\" loading=\"lazy\" srcset=\"https:\/\/riosbr.com\/wp-content\/uploads\/2018\/04\/00.jpg 1200w, https:\/\/riosbr.com\/wp-content\/uploads\/2018\/04\/00-711x400.jpg 711w, https:\/\/riosbr.com\/wp-content\/uploads\/2018\/04\/00-768x432.jpg 768w\" sizes=\"(max-width: 1020px) 100vw, 1020px\" \/>\t\t\t\t\t\t\t<div class=\"overlay\" style=\"background-color: rgba(0, 0, 0, 0.39)\"><\/div>\n\t\t\t\t\t\t\n\t\t\t\t\t<\/div>\n\t\t\t\t\t\t\t\t\n<style scope=\"scope\">\n\n#image_1583596521 {\n  width: 100%;\n}\n<\/style>\n\t<\/div>\n\t\n<\/div><\/div>\n            <\/div><!-- .banner-grid .row .grid -->\n    <style scope=\"scope\">\n    #banner-grid-2006962957 .grid-col-1{height: 600px}\n    #banner-grid-2006962957 .grid-col-1-2{height: 300px}\n    #banner-grid-2006962957 .grid-col-1-3{height:200px}\n    #banner-grid-2006962957 .grid-col-2-3{height: 400px}\n    #banner-grid-2006962957 .grid-col-1-4{height: 150px}\n    #banner-grid-2006962957 .grid-col-3-4{height: 450px}\n\n\n    \n    \n\n  <\/style>\n    <\/div><!-- .banner-grid-wrapper -->\n  \n\t\t<\/div><!-- .section-content -->\n\n\t\t\n<style scope=\"scope\">\n\n#section_979630229 {\n  padding-top: 30px;\n  padding-bottom: 30px;\n}\n<\/style>\n\t<\/section>\n\t\n","protected":false},"excerpt":{"rendered":"","protected":false},"author":32,"featured_media":0,"parent":0,"menu_order":0,"comment_status":"closed","ping_status":"closed","template":"page-transparent-header.php","meta":[],"_links":{"self":[{"href":"https:\/\/riosbr.com\/index.php?rest_route=\/wp\/v2\/pages\/1071"}],"collection":[{"href":"https:\/\/riosbr.com\/index.php?rest_route=\/wp\/v2\/pages"}],"about":[{"href":"https:\/\/riosbr.com\/index.php?rest_route=\/wp\/v2\/types\/page"}],"author":[{"embeddable":true,"href":"https:\/\/riosbr.com\/index.php?rest_route=\/wp\/v2\/users\/32"}],"replies":[{"embeddable":true,"href":"https:\/\/riosbr.com\/index.php?rest_route=%2Fwp%2Fv2%2Fcomments&post=1071"}],"version-history":[{"count":57,"href":"https:\/\/riosbr.com\/index.php?rest_route=\/wp\/v2\/pages\/1071\/revisions"}],"predecessor-version":[{"id":1636,"href":"https:\/\/riosbr.com\/index.php?rest_route=\/wp\/v2\/pages\/1071\/revisions\/1636"}],"wp:attachment":[{"href":"https:\/\/riosbr.com\/index.php?rest_route=%2Fwp%2Fv2%2Fmedia&parent=1071"}],"curies":[{"name":"wp","href":"https:\/\/api.w.org\/{rel}","templated":true}]}}